{"id":2731,"date":"2024-04-08T09:05:04","date_gmt":"2024-04-08T09:05:04","guid":{"rendered":"http:\/\/clapat-themes.com\/wordpress\/montoya\/?page_id=2731"},"modified":"2026-03-29T13:00:22","modified_gmt":"2026-03-29T11:00:22","slug":"accueil","status":"publish","type":"page","link":"https:\/\/franck-gravure.fr\/","title":{"rendered":"Accueil"},"content":{"rendered":"\n<div class=\"wp-block-montoya-gutenberg-container content-row dark-section full row_padding_top row_padding_left row_padding_right has-animation\" data-bgcolor=\"#0d0d0d\" style=\"text-align:left\">\n<p class=\"has-text-align-center\">APPRENTISSAGE \u00c0 L&rsquo;\u00c9COLE BOULLE, ANCIEN GRAVEUR \u00c0 LA MONNAIE DE PARIS, J\u2019AI FORG\u00c9 MON EXPERTISE AU C\u0152UR DES PLUS PRESTIGIEUX ATELIERS, O\u00d9 PR\u00c9CISION ET CR\u00c9ATIVIT\u00c9 SE RENCONTRENT.<br>AUJOURD\u2019HUI, MON ATELIER INCARNE L\u2019ALLIANCE PARFAITE ENTRE SAVOIR-FAIRE ARTISANAL ET TECHNOLOGIES MODERNES, POUR DONNER VIE \u00c0 VOS PROJETS LES PLUS AMBITIEUX. <br>DE LA GRAVURE TRADITIONNELLE \u00c0 L\u2019USINAGE CNC, EN PASSANT PAR LA MOD\u00c9LISATION 3D ET LA GRAVURE LASER, JE MA\u00ceTRISE CHAQUE \u00c9TAPE DE LA CR\u00c9ATION.<br><br>QUE CE SOIT POUR UNE M\u00c9DAILLE COMM\u00c9MORATIVE, UN BIJOU SUR MESURE, UN PROTOTYPE INDUSTRIEL OU UNE PI\u00c8CE ARTISTIQUE, MON APPROCHE ALLIE RIGUEUR TECHNIQUE ET SENSIBILIT\u00c9 ESTH\u00c9TIQUE.<br>MON PARCOURS ME PERMET DE CONCR\u00c9TISER VOS ID\u00c9ES, DU CROQUIS \u00c0 LA R\u00c9ALISATION FINALE.<\/p>\n\n\n\n<div class=\"wp-block-buttons is-content-justification-center is-layout-flex wp-container-core-buttons-is-layout-16018d1d wp-block-buttons-is-layout-flex\">\n<div class=\"wp-block-button is-style-outline is-style-outline--1\"><a class=\"wp-block-button__link has-black-color has-white-background-color has-text-color has-background has-link-color has-text-align-center wp-element-button\" href=\"https:\/\/franck-gravure.fr\/index.php\/mes-techniques\/\"><strong><mark style=\"background-color:rgba(0, 0, 0, 0)\" class=\"has-inline-color has-black-color\">D\u00c9COUVREZ MES TECHNIQUES<\/mark><\/strong><\/a><\/div>\n<\/div>\n<\/div>\n\n\n\n<div style=\"height:100px\" aria-hidden=\"true\" class=\"wp-block-spacer\"><\/div>\n\n\n\n<div class=\"wp-block-montoya-gutenberg-container content-row dark-section normal row_padding_bottom row_padding_left row_padding_right has-animation\" data-bgcolor=\"#0d0d0d\" style=\"text-align:center\">\n<div class=\"wp-block-columns is-layout-flex wp-container-core-columns-is-layout-9d6595d7 wp-block-columns-is-layout-flex\">\n<div class=\"wp-block-column is-layout-flow wp-block-column-is-layout-flow\" style=\"font-size:60px\">\n<div class=\"box-icon-wrapper block-boxes text-align-center\"><div class=\"box-icon\"><i class=\"fa fa-paper-plane fa-2x fa-2x\" aria-hidden=\"true\"><\/i><\/div><div class=\"box-icon-content\"><h6 class=\"no-margins\"><a href=\"mailto:franck.gravure@gmail.com\">franck.gravure@gmail.com<\/a><\/h6><p>Email<\/p><\/div><\/div>\n<\/div>\n\n\n\n<div class=\"wp-block-column is-layout-flow wp-block-column-is-layout-flow\" style=\"font-size:60px\">\n<div class=\"box-icon-wrapper block-boxes text-align-center\"><div class=\"box-icon\"><i class=\"fa fa-map-marker fa-2x fa-2x\" aria-hidden=\"true\"><\/i><\/div><div class=\"box-icon-content\"><h6 class=\"no-margins\">FRANCE<\/h6><p>Adresse<\/p><\/div><\/div>\n<\/div>\n\n\n\n<div class=\"wp-block-column is-layout-flow wp-block-column-is-layout-flow\" style=\"font-size:60px\">\n<div class=\"box-icon-wrapper block-boxes text-align-center\"><div class=\"box-icon\"><i class=\"fa fa-phone fa-2x fa-2x\" aria-hidden=\"true\"><\/i><\/div><div class=\"box-icon-content\"><h6 class=\"no-margins\"><a href=\"tel:+33632236364\" data-wplink-edit=\"true\">+ 33 6 32 23 63 64<\/a><\/h6><p>T\u00e9l\u00e9phone<\/p><\/div><\/div>\n<\/div>\n<\/div>\n<\/div>\n\n\n\n<div class=\"wp-block-montoya-gutenberg-container content-row dark-section full row_padding_left row_padding_right\" data-bgcolor=\"#0d0d0d\" style=\"text-align:left\">\n<!-- Showcase List Holder --><div id=\"itemsWrapperLinks\"><!-- Showcase List --><div id=\"itemsWrapper\" class=\"no-fitthumbs fx-one\"><!-- Overlapping Gallery --><div class=\"overlapping-gallery\"><div class=\"overlapping-image\"><div class=\"overlapping-image-inner trigger-item\" data-centerLine=\"D\u00c9COUVRIR\"><div class=\"img-mask\"><a class=\"slide-link\" data-type=\"page-transition\" href=\"https:\/\/franck-gravure.fr\/index.php\/montoya_portfolio\/taille-directe\/\"><\/a><div class=\"section-image trigger-item-link\"><img decoding=\"async\" src=\"https:\/\/franck-gravure.fr\/wp-content\/uploads\/Monnaie_ancienne_1_NB_G.jpg\" class=\"item-image grid__item-img\" alt=\"\"><img decoding=\"async\" class=\"grid__item-img grid__item-img--large\" src=\"https:\/\/franck-gravure.fr\/wp-content\/uploads\/Monnaie_ancienne_1_NB_G.jpg\" alt=\"\" \/><\/div><\/div><div class=\"slide-caption trigger-item-link-secondary\"><div class=\"slide-title primary-font-title\"><span>TAILLE DIRECTE<\/span><\/div><div class=\"slide-date\"><span>2026<\/span><\/div><div class=\"slide-cat\"><span>portfolio<\/span><\/div><\/div><\/div><\/div><div class=\"overlapping-image\"><div class=\"overlapping-image-inner trigger-item\" data-centerLine=\"D\u00c9COUVRIR\"><div class=\"img-mask\"><a class=\"slide-link\" data-type=\"page-transition\" href=\"https:\/\/franck-gravure.fr\/index.php\/montoya_portfolio\/medailles\/\"><\/a><div class=\"section-image trigger-item-link\"><img decoding=\"async\" src=\"https:\/\/franck-gravure.fr\/wp-content\/uploads\/Miazaki_NB_G.jpg\" class=\"item-image grid__item-img\" alt=\"\"><img decoding=\"async\" class=\"grid__item-img grid__item-img--large\" src=\"https:\/\/franck-gravure.fr\/wp-content\/uploads\/Miazaki_NB_G.jpg\" alt=\"\" \/><\/div><\/div><div class=\"slide-caption trigger-item-link-secondary\"><div class=\"slide-title primary-font-title\"><span>M\u00c9DAILLES<\/span><\/div><div class=\"slide-date\"><span>2026<\/span><\/div><div class=\"slide-cat\"><span>portfolio<\/span><\/div><\/div><\/div><\/div><div class=\"overlapping-image\"><div class=\"overlapping-image-inner trigger-item\" data-centerLine=\"D\u00c9COUVRIR\"><div class=\"img-mask\"><a class=\"slide-link\" data-type=\"page-transition\" href=\"https:\/\/franck-gravure.fr\/index.php\/montoya_portfolio\/jetons\/\"><\/a><div class=\"section-image trigger-item-link\"><img decoding=\"async\" src=\"https:\/\/franck-gravure.fr\/wp-content\/uploads\/Etoile_NB_G.jpg\" class=\"item-image grid__item-img\" alt=\"\"><img decoding=\"async\" class=\"grid__item-img grid__item-img--large\" src=\"https:\/\/franck-gravure.fr\/wp-content\/uploads\/Etoile_NB_G.jpg\" alt=\"\" \/><\/div><\/div><div class=\"slide-caption trigger-item-link-secondary\"><div class=\"slide-title primary-font-title\"><span>JETONS<\/span><\/div><div class=\"slide-date\"><span>2026<\/span><\/div><div class=\"slide-cat\"><span>portfolio<\/span><\/div><\/div><\/div><\/div><div class=\"overlapping-image\"><div class=\"overlapping-image-inner trigger-item\" data-centerLine=\"D\u00c9COUVRIR\"><div class=\"img-mask\"><a class=\"slide-link\" data-type=\"page-transition\" href=\"https:\/\/franck-gravure.fr\/index.php\/montoya_portfolio\/monnaies\/\"><\/a><div class=\"section-image trigger-item-link\"><img decoding=\"async\" src=\"https:\/\/franck-gravure.fr\/wp-content\/uploads\/Bugatti_NB_G.jpg\" class=\"item-image grid__item-img\" alt=\"\"><img decoding=\"async\" class=\"grid__item-img grid__item-img--large\" src=\"https:\/\/franck-gravure.fr\/wp-content\/uploads\/Bugatti_NB_G.jpg\" alt=\"\" \/><\/div><\/div><div class=\"slide-caption trigger-item-link-secondary\"><div class=\"slide-title primary-font-title\"><span>MONNAIES<\/span><\/div><div class=\"slide-date\"><span>2026<\/span><\/div><div class=\"slide-cat\"><span>portfolio<\/span><\/div><\/div><\/div><\/div><div class=\"overlapping-image\"><div class=\"overlapping-image-inner trigger-item\" data-centerLine=\"D\u00c9COUVRIR\"><div class=\"img-mask\"><a class=\"slide-link\" data-type=\"page-transition\" href=\"https:\/\/franck-gravure.fr\/index.php\/montoya_portfolio\/moules\/\"><\/a><div class=\"section-image trigger-item-link\"><img decoding=\"async\" src=\"https:\/\/franck-gravure.fr\/wp-content\/uploads\/Gauthier_NB_G.jpg\" class=\"item-image grid__item-img\" alt=\"\"><img decoding=\"async\" class=\"grid__item-img grid__item-img--large\" src=\"https:\/\/franck-gravure.fr\/wp-content\/uploads\/Gauthier_NB_G.jpg\" alt=\"\" \/><\/div><\/div><div class=\"slide-caption trigger-item-link-secondary\"><div class=\"slide-title primary-font-title\"><span>MOULES<\/span><\/div><div class=\"slide-date\"><span>2026<\/span><\/div><div class=\"slide-cat\"><span>portfolio<\/span><\/div><\/div><\/div><\/div><div class=\"overlapping-image\"><div class=\"overlapping-image-inner trigger-item\" data-centerLine=\"D\u00c9COUVRIR\"><div class=\"img-mask\"><a class=\"slide-link\" data-type=\"page-transition\" href=\"https:\/\/franck-gravure.fr\/index.php\/montoya_portfolio\/impression-3d-et-cnc\/\"><\/a><div class=\"section-image trigger-item-link\"><img decoding=\"async\" src=\"https:\/\/franck-gravure.fr\/wp-content\/uploads\/Jizo_4_NB_G.jpg\" class=\"item-image grid__item-img\" alt=\"\"><img decoding=\"async\" class=\"grid__item-img grid__item-img--large\" src=\"https:\/\/franck-gravure.fr\/wp-content\/uploads\/Jizo_4_NB_G.jpg\" alt=\"\" \/><\/div><\/div><div class=\"slide-caption trigger-item-link-secondary\"><div class=\"slide-title primary-font-title\"><span>IMPRESSION 3D &amp; CNC<\/span><\/div><div class=\"slide-date\"><span>2026<\/span><\/div><div class=\"slide-cat\"><span>portfolio<\/span><\/div><\/div><\/div><\/div><div class=\"overlapping-image\"><div class=\"overlapping-image-inner trigger-item\" data-centerLine=\"D\u00c9COUVRIR\"><div class=\"img-mask\"><a class=\"slide-link\" data-type=\"page-transition\" href=\"https:\/\/franck-gravure.fr\/index.php\/montoya_portfolio\/creations\/\"><\/a><div class=\"section-image trigger-item-link\"><img decoding=\"async\" src=\"https:\/\/franck-gravure.fr\/wp-content\/uploads\/3e_mill_NB_G.jpg\" class=\"item-image grid__item-img\" alt=\"\"><div class=\"hero-video-wrapper\"><video loop muted class=\"bgvid\"><\/video><\/div><img decoding=\"async\" class=\"grid__item-img grid__item-img--large\" src=\"https:\/\/franck-gravure.fr\/wp-content\/uploads\/3e_mill_NB_G.jpg\" alt=\"\" \/><\/div><\/div><div class=\"slide-caption trigger-item-link-secondary\"><div class=\"slide-title primary-font-title\"><span>CR\u00c9ATIONS<\/span><\/div><div class=\"slide-date\"><span>2026<\/span><\/div><div class=\"slide-cat\"><span>portfolio<\/span><\/div><\/div><\/div><\/div><\/div><!--\/Overlapping Gallery--><\/div><!--\/Showcase List--><\/div><!--\/Showcase List Holder-->\n<\/div>\n\n\n\n<div class=\"wp-block-montoya-gutenberg-list-rotator list-rotator-wrapper\"><div class=\"list-rotator-title\">MES COMPETENCES<\/div><div class=\"list-rotator-pin\"><ul class=\"list-rotator primary-font-title\">\n<li class=\"wp-block-montoya-gutenberg-list-rotator-item\">Dessin<\/li>\n\n\n\n<li class=\"wp-block-montoya-gutenberg-list-rotator-item\">Modelage<\/li>\n\n\n\n<li class=\"wp-block-montoya-gutenberg-list-rotator-item\">Gravure main<\/li>\n\n\n\n<li class=\"wp-block-montoya-gutenberg-list-rotator-item\">Volume virtuel<\/li>\n\n\n\n<li class=\"wp-block-montoya-gutenberg-list-rotator-item\">Usinage CNC<\/li>\n\n\n\n<li class=\"wp-block-montoya-gutenberg-list-rotator-item\">Gravure laser<\/li>\n\n\n\n<li class=\"wp-block-montoya-gutenberg-list-rotator-item\">Impression 3D<\/li>\n<\/ul><\/div><\/div>\n\n\n\n<div class=\"wp-block-montoya-gutenberg-container content-row dark-section normal row_padding_bottom\" data-bgcolor=\"#0d0d0d\" style=\"text-align:center\">\n<p class=\"has-text-align-center\">MON BUT ? <strong>DONNER VIE \u00c0 VOS PROJETS. <\/strong><\/p>\n\n\n\n<p class=\"has-text-align-center\"><br>QUE VOUS SOYEZ <strong>UN PARTICULIER, UN DESIGNER, UN ARTISAN OU UNE ENTREPRISE<\/strong>, JE VOUS AIDE \u00c0 CONCR\u00c9TISER VOS PROJETS AVEC QUALIT\u00c9 ET PASSION. <\/p>\n\n\n\n<p class=\"has-text-align-center\"><br>CONTACTEZ-MOI POUR EN DISCUTER ENSEMBLE !<\/p>\n<\/div>\n\n\n\n<div class=\"wp-block-montoya-gutenberg-container content-row dark-section normal\" data-bgcolor=\"#0d0d0d\" style=\"text-align:center\">\n<div class=\"wp-block-columns is-layout-flex wp-container-core-columns-is-layout-9d6595d7 wp-block-columns-is-layout-flex\">\n<div class=\"wp-block-column is-layout-flow wp-block-column-is-layout-flow\" style=\"font-size:60px\">\n<div class=\"box-icon-wrapper block-boxes text-align-center\"><div class=\"box-icon\"><i class=\"fa fa-paper-plane fa-2x fa-2x\" aria-hidden=\"true\"><\/i><\/div><div class=\"box-icon-content\"><h6 class=\"no-margins\"><a href=\"mailto:franck.gravure@gmail.com\">franck.gravure@gmail.com<\/a><\/h6><p>Email<\/p><\/div><\/div>\n<\/div>\n\n\n\n<div class=\"wp-block-column is-layout-flow wp-block-column-is-layout-flow\" style=\"font-size:60px\">\n<div class=\"box-icon-wrapper block-boxes text-align-center\"><div class=\"box-icon\"><i class=\"fa fa-map-marker fa-2x fa-2x\" aria-hidden=\"true\"><\/i><\/div><div class=\"box-icon-content\"><h6 class=\"no-margins\">FRANCE<\/h6><p>Adresse<\/p><\/div><\/div>\n<\/div>\n\n\n\n<div class=\"wp-block-column is-layout-flow wp-block-column-is-layout-flow\" style=\"font-size:60px\">\n<div class=\"box-icon-wrapper block-boxes text-align-center\"><div class=\"box-icon\"><i class=\"fa fa-phone fa-2x fa-2x\" aria-hidden=\"true\"><\/i><\/div><div class=\"box-icon-content\"><h6 class=\"no-margins\"><a href=\"tel:+33632236364\">+ 33 6 32 23 63 64<\/a><\/h6><p>T\u00e9l\u00e9phone<\/p><\/div><\/div>\n<\/div>\n<\/div>\n<\/div>\n","protected":false},"excerpt":{"rendered":"","protected":false},"author":1,"featured_media":0,"parent":0,"menu_order":0,"comment_status":"closed","ping_status":"closed","template":"","meta":{"footnotes":""},"class_list":["post-2731","page","type-page","status-publish","hentry"],"_links":{"self":[{"href":"https:\/\/franck-gravure.fr\/index.php\/wp-json\/wp\/v2\/pages\/2731","targetHints":{"allow":["GET"]}}],"collection":[{"href":"https:\/\/franck-gravure.fr\/index.php\/wp-json\/wp\/v2\/pages"}],"about":[{"href":"https:\/\/franck-gravure.fr\/index.php\/wp-json\/wp\/v2\/types\/page"}],"author":[{"embeddable":true,"href":"https:\/\/franck-gravure.fr\/index.php\/wp-json\/wp\/v2\/users\/1"}],"replies":[{"embeddable":true,"href":"https:\/\/franck-gravure.fr\/index.php\/wp-json\/wp\/v2\/comments?post=2731"}],"version-history":[{"count":69,"href":"https:\/\/franck-gravure.fr\/index.php\/wp-json\/wp\/v2\/pages\/2731\/revisions"}],"predecessor-version":[{"id":4786,"href":"https:\/\/franck-gravure.fr\/index.php\/wp-json\/wp\/v2\/pages\/2731\/revisions\/4786"}],"wp:attachment":[{"href":"https:\/\/franck-gravure.fr\/index.php\/wp-json\/wp\/v2\/media?parent=2731"}],"curies":[{"name":"wp","href":"https:\/\/api.w.org\/{rel}","templated":true}]}}