{"id":2743,"date":"2024-04-08T09:28:26","date_gmt":"2024-04-08T09:28:26","guid":{"rendered":"http:\/\/clapat-themes.com\/wordpress\/montoya\/?page_id=2743"},"modified":"2026-02-25T17:18:51","modified_gmt":"2026-02-25T16:18:51","slug":"about","status":"publish","type":"page","link":"https:\/\/franck-gravure.fr\/index.php\/about\/","title":{"rendered":"\u00c0 propos"},"content":{"rendered":"\n<div class=\"wp-block-montoya-gutenberg-container content-row dark-section normal\" data-bgcolor=\"#0c0c0c\" style=\"text-align:left\">\n<div class=\"wp-block-montoya-gutenberg-clipped-image clipped-image-wrapper\"><div class=\"clipped-image-pin\"><div class=\"clipped-image\"><img decoding=\"async\" src=\"https:\/\/franck-gravure.fr\/wp-content\/uploads\/Nu_platre_NB_G.jpg\" alt=\"\"\/><div class=\"content-video-wrapper\"><video class=\"bgvid\" loop muted playsinline><source src=\"http:\/\/clapat.ro\/themes\/montoya\/images\/about.mp4\" type=\"video\/mp4\"\/><\/video><\/div><div class=\"clipped-image-gradient\"><\/div><\/div><\/div><div class=\"clipped-image-content content-full-width\"><\/div><\/div>\n<\/div>\n\n\n\n<div class=\"wp-block-montoya-gutenberg-container content-row light-section normal\" data-bgcolor=\"#0c0c0c\" style=\"text-align:none\">\n<h2 class=\"wp-block-heading has-white-color has-text-color has-link-color wp-elements-c49b90aa65c9d9e2a099bcd13483981a\">FRANCK RENAULT<\/h2>\n\n\n\n<p class=\"has-text-align-left has-white-color has-text-color has-link-color wp-elements-bf6edd3e0993f0822fdf0657d029e714\">CURIEUX ET AIMANT APPRENDRE, MES CAPACIT\u00c9S D\u2019ANALYSE ME PERMETTENT DE TIRER LE MEILLEUR PARTI DES MOYENS DONT JE DISPOSE. <br>LA RIGUEUR QUE M\u2019A ENSEIGN\u00c9 LA GRAVURE M\u2019A RENDU TR\u00c8S EXIGEANT SUR LA QUALIT\u00c9 DU TRAVAIL. <br>LA TRANSMISSION DU SAVOIR ET L\u2019\u00c9COUTE SONT AU CENTRE DE MES OBJECTIFS ET MON PARCOURS ME PERMET DE FAIRE LE LIEN SOUVENT PROBL\u00c9MATIQUE ENTRE LE COMMERCE ET LA PRODUCTION.<\/p>\n<\/div>\n\n\n\n<div class=\"wp-block-montoya-gutenberg-container content-row light-section normal row_padding_top change-header-color\" data-bgcolor=\"#ffffff\" style=\"text-align:left\">\n<h2 class=\"wp-block-heading\" style=\"font-style:normal;font-weight:1000\">EXPERIENCES<\/h2>\n\n\n\n<dl class=\"wp-block-montoya-gutenberg-accordion accordion small-acc\">\n<dt><span class=\"link\">VOTRAVO CONSEIL<\/span><div class=\"acc-icon-wrap parallax-wrap\"><div class=\"acc-button-icon parallax-element\"><i class=\"fa fa-arrow-right\"><\/i><\/div><\/div><\/dt><dd class=\"accordion-content\">\n<strong>Depuis avril 2024, recentrage sur ce qui est mon ADN : la cr\u00e9ation et la r\u00e9alisation de volumes, la mise au point de process :<\/strong> <br>\n<ul>\n<li>cr\u00e9ation de volumes num\u00e9riques dans Artcam, Blender, FreeCad, Nomad Sculpt,&#8230; (mini m\u00e9dailles pour la Monnaie de Paris, pi\u00e8ces techniques,&#8230;)<\/li>\n<li>impression en 3D, gravure laser et num\u00e9rique<\/li>\n<li>acquisition de volume au moyen de scanner 3D<\/li>\n<li>conseils en industrie<\/li>\n<\/ul>\n<strong>Cr\u00e9ation d&rsquo;une entreprise commerciale dans la construction de maisons individuelles (jusqu&rsquo;\u00e0 5 employ\u00e9(e)s) : <\/strong> <br>\n<ul>\n<li>agent commercial dans la vente de maisons individuelles (meilleurs vendeur GIB construction 2019): recherche fonci\u00e8re et de prospects, \u00e9tude financi\u00e8re, r\u00e9alisation des plans et implantations, montage et signature du contrat de construction, suivi du projet jusqu&rsquo;\u00e0 l&rsquo;ouverture du chantier<\/li>\n<li>ouverture d&rsquo;une agence \u00e0 Cadillac en 2017<\/li>\n<li>activit\u00e9 de marchand de biens pour la cr\u00e9ation de terrains \u00e0 b\u00e2tir, \u00e9tude des r\u00e8gles d&rsquo;urbanisme, calcul de rentabilit\u00e9, demandes administratives, achat, commercialisation<\/li>\n<li>formation de cinq collaborateurs dont un alternant<\/li>\n<\/ul><\/dd>\n\n\n\n<dt><span class=\"link\">MONNAIE DE PARIS<\/span><div class=\"acc-icon-wrap parallax-wrap\"><div class=\"acc-button-icon parallax-element\"><i class=\"fa fa-arrow-right\"><\/i><\/div><\/div><\/dt><dd class=\"accordion-content\">\n<strong>R\u00e9alisation d&rsquo;outillages de monnaies et de m\u00e9dailles :<\/strong><br>\n<ul>\n<li>monnaies courantes : revers 2 euros, Malte, \u00c9tats d&rsquo;Afrique Centrale, \u00c9tats d&rsquo;Afrique de l&rsquo;Ouest,&#8230;<\/li>\n<li>utilisation d&rsquo;un banc de palpage laser et m\u00e9canique et d&rsquo;une fraiseuse num\u00e9rique Lang<\/li>\n<li>taille directe : m\u00e9dailles, frappe de lettres, retouche de coins mon\u00e9taires, pose des diff\u00e9rents sur les matrices mon\u00e9taires de reproduction<\/li>\n<li>modelage de m\u00e9dailles<\/li>\n<\/ul>\n<strong>Forte implication dans le domaine de la cr\u00e9ation, de l&rsquo;informatique et des nouvelles technologies :<\/strong><br>\n<ul>\n<li>dessin de monnaies de collection et de m\u00e9dailles<\/li>\n<li>\u00e9tudes de prix et de faisabilit\u00e9 des outillages<\/li>\n<li>r\u00e9alisation du parc informatique de la gravure \u00e0 Pessac : 4 postes et leurs p\u00e9riph\u00e9riques<\/li>\n<li>formation de base de coll\u00e8gues \u00e0 Illustrator, Photoshop et \u00e0 l&rsquo;usinage num\u00e9rique<\/li>\n<li>stages : Photoshop, Freeform (bras \u00e0 retour de force pour la cr\u00e9ation de volumes virtuels), ArtCam,&#8230;<\/li>\n<li>\u00e9tude technique du process de frosting (\u00ab\u00a0sablage\u00a0\u00bb) laser, du choix de la machine \u00e0 la mise en production<\/li>\n<\/ul>\n<\/dd>\n\n\n\n<dt><span class=\"link\">BISSER<\/span><div class=\"acc-icon-wrap parallax-wrap\"><div class=\"acc-button-icon parallax-element\"><i class=\"fa fa-arrow-right\"><\/i><\/div><\/div><\/dt><dd class=\"accordion-content\">\n<strong>R\u00e9alisation de moules pour l&rsquo;injection zamac et plastique :<\/strong><br>\n<ul>\n<li>gravure \u00e0 la main, au pantographe, modelage, tournage, fraisage&#8230;<\/li>\n<li>emploi de 2 machines \u00e0 \u00e9lectro\u00e9rosion et d&rsquo;un centre de palpage (Lemoine) et d&rsquo;usinage<\/li>\n<li>r\u00e9alisation d&rsquo;\u00e9lectrodes de pi\u00e8ces d&rsquo;aspect ou \u00e0 plan de joint complexe pour des moulistes<\/li>\n<\/ul>\n<strong>Accueil des clients et \u00e9tudes de leur projet :<\/strong><br>\n<ul>\n<li>faisabilit\u00e9, prix de l&rsquo;outillage<\/li>\n<li>mise au point et r\u00e9alisation des prototypes<\/li>\n<li>suivi du travail du dessin au moule fini\n<\/ul>\n<\/dd>\n\n\n\n<dt><span class=\"link\">JCA Outillage, Graves et Compagnie<\/span><div class=\"acc-icon-wrap parallax-wrap\"><div class=\"acc-button-icon parallax-element\"><i class=\"fa fa-arrow-right\"><\/i><\/div><\/div><\/dt><dd class=\"accordion-content\">Gravure de matrices et moules pour la bijouterie, la maroquinerie, la haute couture<\/dd>\n<\/dl>\n\n\n\n<div class=\"wp-block-montoya-gutenberg-container content-row light-section normal row_padding_top row_padding_bottom\" data-bgcolor=\"#ffffff\" style=\"text-align:left\">\n<div class=\"reveal-gallery\"><div class=\"reveal-img\"><img decoding=\"async\" src=\"https:\/\/franck-gravure.fr\/wp-content\/uploads\/Dromadaire_NB_M.jpg\" alt=\"\" \/><\/div><div class=\"reveal-img-fixed\"><img decoding=\"async\" src=\"https:\/\/franck-gravure.fr\/wp-content\/uploads\/Lucky_recto_M.jpg\" alt=\"\" \/><\/div><div class=\"reveal-img\"><img decoding=\"async\" src=\"https:\/\/franck-gravure.fr\/wp-content\/uploads\/Miazaki_detail_M.jpg\" alt=\"\" \/><\/div><\/div>\n<\/div>\n<\/div>\n\n\n\n<div class=\"wp-block-montoya-gutenberg-container content-row light-section normal row_padding_bottom\" data-bgcolor=\"#ffffff\" style=\"text-align:left\">\n<h2 class=\"wp-block-heading\" style=\"font-style:normal;font-weight:1000\">FORMATIONS<\/h2>\n\n\n\n<p><strong>STAGE TR\u00c9SOR NATURE<\/strong> \ud83d\udccc Cayenne<br><em>Bijoutier, formation d&rsquo;un ouvrier au pantographe<\/em><br><br><strong>STAGE CHEZ CHRISTOFLE<\/strong> \ud83d\udccc Saint-Denis<br><em>Orf\u00e9vrerie<\/em><br><br><strong>INT\u00c9GRATION 1\u00e8re ANN\u00c9E OFFICIELLE DU DIPL\u00d4ME DE M\u00c9TIERS D&rsquo;ART (DMA) <\/strong>\ud83d\udccc \u00c9cole Boulle, Paris<br><em>\u00c0 ma demande, participation \u00e0 la premi\u00e8re ann\u00e9e officielle du DMA<\/em><br><br><strong>ANN\u00c9E PILOTE DU DIPL\u00d4ME DE M\u00c9TIERS D&rsquo;ART<\/strong> \ud83d\udccc \u00c9cole Boulle, Paris<br><em>R\u00e9alisation de la m\u00e9daille du centenaire de l&rsquo;\u00c9cole Boulle<br><\/em><br><strong>DIPL\u00d4ME D&rsquo;ANCIEN \u00c9L\u00c8VE DE L&rsquo;\u00c9COLE BOULLE<\/strong> \ud83d\udccc \u00c9cole Boulle, Paris<br><br><strong>C.A.P. DE GRAVEUR EN MODEL\u00c9<\/strong> \ud83d\udccc \u00c9cole Boulle, Paris<br><\/p>\n<\/div>\n","protected":false},"excerpt":{"rendered":"","protected":false},"author":1,"featured_media":0,"parent":0,"menu_order":0,"comment_status":"closed","ping_status":"closed","template":"","meta":{"footnotes":""},"class_list":["post-2743","page","type-page","status-publish","hentry"],"_links":{"self":[{"href":"https:\/\/franck-gravure.fr\/index.php\/wp-json\/wp\/v2\/pages\/2743","targetHints":{"allow":["GET"]}}],"collection":[{"href":"https:\/\/franck-gravure.fr\/index.php\/wp-json\/wp\/v2\/pages"}],"about":[{"href":"https:\/\/franck-gravure.fr\/index.php\/wp-json\/wp\/v2\/types\/page"}],"author":[{"embeddable":true,"href":"https:\/\/franck-gravure.fr\/index.php\/wp-json\/wp\/v2\/users\/1"}],"replies":[{"embeddable":true,"href":"https:\/\/franck-gravure.fr\/index.php\/wp-json\/wp\/v2\/comments?post=2743"}],"version-history":[{"count":163,"href":"https:\/\/franck-gravure.fr\/index.php\/wp-json\/wp\/v2\/pages\/2743\/revisions"}],"predecessor-version":[{"id":4719,"href":"https:\/\/franck-gravure.fr\/index.php\/wp-json\/wp\/v2\/pages\/2743\/revisions\/4719"}],"wp:attachment":[{"href":"https:\/\/franck-gravure.fr\/index.php\/wp-json\/wp\/v2\/media?parent=2743"}],"curies":[{"name":"wp","href":"https:\/\/api.w.org\/{rel}","templated":true}]}}