{"id":3832,"date":"2025-12-22T16:22:03","date_gmt":"2025-12-22T15:22:03","guid":{"rendered":"https:\/\/franck-gravure.fr\/?page_id=3832"},"modified":"2026-03-05T09:42:40","modified_gmt":"2026-03-05T08:42:40","slug":"mes-techniques","status":"publish","type":"page","link":"https:\/\/franck-gravure.fr\/index.php\/mes-techniques\/","title":{"rendered":"Mes Techniques"},"content":{"rendered":"\n<div class=\"wp-block-montoya-gutenberg-container content-row dark-section full row_padding_top row_padding_left row_padding_right\" data-bgcolor=\"#0d0d0d\" style=\"text-align:center\">\n<div class=\"wp-block-montoya-gutenberg-container content-row dark-section full row_padding_left row_padding_right\" data-bgcolor=\"#0d0d0d\" style=\"text-align:center\">\n<p class=\"has-text-align-center\">MON ATELIER EST UN ESPACE O\u00d9 L\u2019ARTISANAT TRADITIONNEL RENCONTRE LES TECHNOLOGIES MODERNES. MON APPROCHE EST POLYVALENTE :  JE PASSE DU DESSIN \u00c0 LA MAIN AU MODELAGE, DE LA GRAVURE ARTISANALE \u00c0 LA CR\u00c9ATION NUM\u00c9RIQUE EN 3D, ET DE L\u2019USINAGE PR\u00c9CIS \u00c0 L\u2019IMPRESSION OU LA D\u00c9COUPE LASER.<\/p>\n<\/div>\n\n\n\n<div class=\"wp-block-montoya-gutenberg-container content-row dark-section full row_padding_left row_padding_right has-animation\" data-bgcolor=\"#0d0d0d\" style=\"text-align:center\">\n<p class=\"has-text-align-center\">QUE CE SOIT POUR <strong>DONNER VIE \u00c0 UNE ID\u00c9E<\/strong> \u00c0 TRAVERS UN DESSIN OU UNE SCULPTURE, <strong>CR\u00c9ER DES VOLUMES<\/strong> EN VIRTUEL OU EN PHYSIQUE, <strong>USINER OU GRAVER<\/strong> DES MAT\u00c9RIAUX AVEC PR\u00c9CISION, <strong>IMPRIMER EN 3D DES PI\u00c8CES<\/strong> UNIQUES OU DES PROTOTYPES &#8230;<\/p>\n<\/div>\n\n\n\n<div class=\"wp-block-montoya-gutenberg-container content-row dark-section normal row_padding_left row_padding_right has-animation\" data-bgcolor=\"#0d0d0d\" style=\"text-align:center\">\n<dl class=\"wp-block-montoya-gutenberg-accordion accordion small-acc has-animation\">\n<dt><span class=\"link\">LA TAILLE DIRECTE<\/span><div class=\"acc-icon-wrap parallax-wrap\"><div class=\"acc-button-icon parallax-element\"><i class=\"fa fa-arrow-right\"><\/i><\/div><\/div><\/dt><dd class=\"accordion-content\">La base de la gravure. Elle demande un tr\u00e8s long apprentissage mais permet d\u2019avoir une sensibilit\u00e9 et une nervosit\u00e9 de trait unique. Tr\u00e8s difficile \u00e0 reproduire, elle peut \u00eatre une solution int\u00e9ressante pour lutter contre la contrefa\u00e7on. Si elle est maitris\u00e9e, elle est tr\u00e8s rapide. Id\u00e9ale pour la r\u00e9alisation de pi\u00e8ces uniques et de prototype.\u00a0\n\nLa difficult\u00e9 actuelle pour la r\u00e9alisation d\u2019outillages vient de la qualit\u00e9 des aciers \u00e0 travailler. Tr\u00e8s durables pour la production, leur duret\u00e9 mais aussi leur \u00ab\u00a0\u00e9lasticit\u00e9\u00a0\u00bb les rendent compliqu\u00e9s \u00e0 graver et destructeurs pour les outils \u00e0 main.\u00a0<\/dd>\n\n\n\n<dt><span class=\"link\">LE MODELAGE ET LE PL\u00c2TRE<\/span><div class=\"acc-icon-wrap parallax-wrap\"><div class=\"acc-button-icon parallax-element\"><i class=\"fa fa-arrow-right\"><\/i><\/div><\/div><\/dt><dd class=\"accordion-content\">Il permet de travailler \u00e0 une \u00e9chelle sup\u00e9rieure et d\u2019avoir beaucoup de d\u00e9tails et de sensibilit\u00e9 dans les volumes.\u00a0\nLe mod\u00e8le obtenu est r\u00e9duit soit m\u00e9caniquement avec des d\u00e9tails tr\u00e8s fid\u00e8les soit num\u00e9ris\u00e9 avec de grandes et multiples possibilit\u00e9s de retouches et utilisations<\/dd>\n\n\n\n<dt><span class=\"link\">LE VOLUME VIRTUEL<\/span><div class=\"acc-icon-wrap parallax-wrap\"><div class=\"acc-button-icon parallax-element\"><i class=\"fa fa-arrow-right\"><\/i><\/div><\/div><\/dt><dd class=\"accordion-content\">Il offre \u00e9norm\u00e9ment de possibilit\u00e9s et une grande rigueur dimensionnelle. Dans un cadre artistique, le manque de sensibilit\u00e9 des traits et volumes peut \u00eatre un probl\u00e8me important qu\u2019il faut savoir contourner.\n\nL\u2019\u00e9cueil principal est que le logiciel dicte le r\u00e9sultat, le graveur choisissant juste ce qui lui parait le mieux. Le num\u00e9rique reste un outil qu\u2019il faut maitriser pour trouver comment obtenir sa vision et le rendu attendu.\u00a0<\/dd>\n<\/dl>\n<\/div>\n\n\n\n<div class=\"wp-block-montoya-gutenberg-container content-row light-section full row_padding_left row_padding_right\" data-bgcolor=\"#0d0d0d\" style=\"text-align:left\">\n<p class=\"has-text-align-center\"><br>JE COMBINE SAVOIR-FAIRE ARTISANAL ET OUTILS INNOVANTS POUR R\u00c9ALISER DES PROJETS SUR MESURE. CHAQUE CR\u00c9ATION EST UNE AVENTURE, ET J\u2019AIME ACCOMPAGNER MES CLIENTS DE L\u2019ID\u00c9E \u00c0 L\u2019OBJET FINAL.&nbsp;<br>D\u00c9COUVREZ MON UNIVERS ET PARLONS DE VOS PROJETS ! QUE CE SOIT POUR UNE PI\u00c8CE UNIQUE, UNE S\u00c9RIE LIMIT\u00c9E OU UNE COLLABORATION CR\u00c9ATIVE, JE SUIS L\u00c0 POUR CONCR\u00c9TISER VOS VISIONS.<\/p>\n<\/div>\n<\/div>\n\n\n\n<div class=\"wp-block-montoya-gutenberg-container content-row dark-section small row_padding_bottom row_padding_left row_padding_right\" data-bgcolor=\"#0d0d0d\" style=\"text-align:center\">\n<div class=\"button-box has-animation \" data-delay=\"50\"><div class=\"clapat-button-wrap parallax-wrap hide-ball\"><div class=\"clapat-button parallax-element\"><div class=\"button-border parallax-element-second rounded\"><a class=\"\" href=\"\/contact\" target=\"_blank\"><span data-hover=\"CONTACTEZ-MOI !\">CONTACTEZ-MOI !<\/span><\/a><\/div><\/div><\/div><\/div>\n<\/div>\n\n\n\n<div class=\"wp-block-montoya-gutenberg-container content-row dark-section normal row_padding_bottom row_padding_left row_padding_right\" data-bgcolor=\"#0d0d0d\" style=\"text-align:left\">\n<div class=\"wp-block-montoya-gutenberg-zoom-gallery zoom-gallery\"><ul class=\"zoom-wrapper-gallery\" data-heightratio=\"0.7\">\n<li><div class=\"zoom-img-wrapper\"><img decoding=\"async\" src=\"https:\/\/franck-gravure.fr\/wp-content\/uploads\/Nu_platre_NB_M.jpg\" alt=\"\" \/><\/div><\/li>\n\n\n\n<li class=\"zoom-center\"><div class=\"zoom-img-wrapper\"><img decoding=\"async\" src=\"https:\/\/franck-gravure.fr\/wp-content\/uploads\/Nu_modelage_1_NB_G.jpg\" alt=\"\" \/><\/div><\/li>\n\n\n\n<li><div class=\"zoom-img-wrapper\"><img decoding=\"async\" src=\"https:\/\/franck-gravure.fr\/wp-content\/uploads\/Nu_platre_3_M.jpg\" alt=\"\" \/><\/div><\/li>\n<\/ul><div class=\"zoom-wrapper-thumb\"><\/div><\/div>\n<\/div>\n\n\n\n<div class=\"wp-block-montoya-gutenberg-container content-row dark-section full row_padding_bottom row_padding_left row_padding_right\" data-bgcolor=\"#0d0d0d\" style=\"text-align:center\">\n<div class=\"wp-block-montoya-gutenberg-container content-row dark-section full\" data-bgcolor=\"#0d0d0d\" style=\"text-align:left\">\n<h3 class=\"wp-block-heading has-text-align-center\" style=\"text-transform:uppercase\">Cr\u00e9ation &amp; Pr\u00e9cision : <strong> <\/strong>L\u2019alliance parfaite entre artisanat et technologie<\/h3>\n<\/div>\n\n\n\n<div class=\"wp-block-montoya-gutenberg-container content-row dark-section full row_padding_left row_padding_right\" data-bgcolor=\"#0d0d0d\" style=\"text-align:left\">\n<h5 class=\"wp-block-heading has-text-align-center has-white-color has-text-color has-link-color\">FORT DE PLUS DE 40 ANS D\u2019EXP\u00c9RIENCE DANS LES M\u00c9TIERS D\u2019ART ET LES TECHNOLOGIES DE POINTE, JE METS MON SAVOIR-FAIRE \u00c0 VOTRE SERVICE POUR CONCR\u00c9TISER VOS PROJETS LES PLUS AMBITIEUX.<\/h5>\n<\/div>\n\n\n\n<div class=\"wp-block-montoya-gutenberg-container content-row dark-section normal\" data-bgcolor=\"#0d0d0d\" style=\"text-align:left\">\n<ul class=\"wp-block-list\">\n<li><strong>GRAVURE MON\u00c9TAIRE :<\/strong> MONNAIE, JETONS, MINI-M\u00c9DAILLE&#8230; SP\u00c9CIALISTE DE LA TECHNIQUE TR\u00c8S PARTICULI\u00c8RE DU MON\u00c9TAIRE. TR\u00c8S PEU DE HAUTEUR POUR EXPRIMER LE VOLUME.<\/li>\n\n\n\n<li><strong>GRAVURE TRADITIONNELLE ET NUM\u00c9RIQUE :<\/strong> M\u00c9DAILLE, BIJOU, PI\u00c8CE TECHNIQUE\u2026 JE MA\u00ceTRISE CHAQUE D\u00c9TAIL, DE LA CONCEPTION \u00c0 LA FINITION.<\/li>\n\n\n\n<li><strong>MOD\u00c9LISATION ET IMPRESSION 3D : <\/strong>PROTOTYPES, PI\u00c8CES UNIQUES OU PETITES S\u00c9RIES, AVEC UNE PR\u00c9CISION ADAPT\u00c9E \u00c0 VOS BESOINS.<\/li>\n\n\n\n<li><strong>USINAGE CNC ET GRAVURE LASER : <\/strong>D\u00c9COUPE, FA\u00c7ONNAGE ET PERSONNALISATION DE MAT\u00c9RIAUX VARI\u00c9S (M\u00c9TAL, BOIS, PLASTIQUE\u2026).<\/li>\n\n\n\n<li><strong>CONSEIL ET ACCOMPAGNEMENT : <\/strong>DE L\u2019ID\u00c9E \u00c0 LA R\u00c9ALISATION, JE VOUS GUIDE POUR DES R\u00c9SULTATS SUR MESURE ET DE QUALIT\u00c9.<\/li>\n<\/ul>\n<\/div>\n<\/div>\n\n\n\n<div class=\"wp-block-montoya-gutenberg-container content-row dark-section normal row_padding_bottom row_padding_left row_padding_right\" data-bgcolor=\"#0d0d0d\" style=\"text-align:left\">\n<div class=\"wp-block-montoya-gutenberg-zoom-gallery zoom-gallery\"><ul class=\"zoom-wrapper-gallery\" data-heightratio=\"0.7\">\n<li><div class=\"zoom-img-wrapper\"><img decoding=\"async\" src=\"https:\/\/franck-gravure.fr\/wp-content\/uploads\/Monnaie_ancienne_2_NB_M.jpg\" alt=\"\" \/><\/div><\/li>\n\n\n\n<li><div class=\"zoom-img-wrapper\"><img decoding=\"async\" src=\"https:\/\/franck-gravure.fr\/wp-content\/uploads\/Oscar_NB_M.jpg\" alt=\"\" \/><\/div><\/li>\n\n\n\n<li class=\"zoom-center\"><div class=\"zoom-img-wrapper\"><img decoding=\"async\" src=\"https:\/\/franck-gravure.fr\/wp-content\/uploads\/Dromadaire_detail_NB_G.jpg\" alt=\"\" \/><\/div><\/li>\n<\/ul><div class=\"zoom-wrapper-thumb\"><\/div><\/div>\n<\/div>\n\n\n\n<div class=\"wp-block-montoya-gutenberg-container content-row dark-section full row_padding_left row_padding_right\" data-bgcolor=\"#0d0d0d\" style=\"text-align:center\">\n<h3 class=\"wp-block-heading has-text-align-center\">POURQUOI CHOISIR FRANCK GRAVURE<\/h3>\n\n\n\n<h5 class=\"wp-block-heading has-text-align-center has-white-color has-text-color has-link-color\">QUE VOUS SOYEZ UN PARTICULIER, UN ARTISAN, UN DESIGNER OU UNE ENTREPRISE,JE VOUS ACCOMPAGNE POUR DONNER VIE \u00c0 VOS ID\u00c9ES. <\/h5>\n\n\n\n<div class=\"wp-block-montoya-gutenberg-container content-row dark-section normal\" data-bgcolor=\"#0d0d0d\" style=\"text-align:left\">\n<ul class=\"wp-block-list\">\n<li>UN H\u00c9RITAGE ARTISANAL : FORM\u00c9 AUX TECHNIQUES TRADITIONNELLES (DESSIN, MODELAGE, GRAVURE MANUELLE).<\/li>\n\n\n\n<li>UNE MA\u00ceTRISE DES OUTILS MODERNES : SCANNER 3D, LOGICIELS DE MOD\u00c9LISATION, USINAGE NUM\u00c9RIQUE.<\/li>\n\n\n\n<li>UNE APPROCHE PERSONNALIS\u00c9E : CHAQUE PROJET EST UNIQUE, ET JE M\u2019ADAPTE \u00c0 VOS ATTENTES AVEC RIGUEUR ET CR\u00c9ATIVIT\u00c9.<\/li>\n<\/ul>\n<\/div>\n\n\n\n<div class=\"wp-block-montoya-gutenberg-container content-row light-section normal row_padding_bottom\" data-bgcolor=\"transparent\" style=\"text-align:center\">\n<div class=\"button-box has-animation \" data-delay=\"50\"><div class=\"clapat-button-wrap parallax-wrap hide-ball\"><div class=\"clapat-button parallax-element\"><div class=\"button-border parallax-element-second rounded\" data-btncolor=\"#ffffff\" data-btntextcolor=\"#000000\"><a class=\"\" href=\"https:\/\/franck-gravure.fr\/index.php\/contact\/\" target=\"_blank\"><span data-hover=\"CONTACTEZ-MOI !\">CONTACTEZ-MOI !<\/span><\/a><\/div><\/div><\/div><\/div>\n<\/div>\n<\/div>\n","protected":false},"excerpt":{"rendered":"","protected":false},"author":1,"featured_media":0,"parent":0,"menu_order":0,"comment_status":"closed","ping_status":"closed","template":"","meta":{"footnotes":""},"class_list":["post-3832","page","type-page","status-publish","hentry"],"_links":{"self":[{"href":"https:\/\/franck-gravure.fr\/index.php\/wp-json\/wp\/v2\/pages\/3832","targetHints":{"allow":["GET"]}}],"collection":[{"href":"https:\/\/franck-gravure.fr\/index.php\/wp-json\/wp\/v2\/pages"}],"about":[{"href":"https:\/\/franck-gravure.fr\/index.php\/wp-json\/wp\/v2\/types\/page"}],"author":[{"embeddable":true,"href":"https:\/\/franck-gravure.fr\/index.php\/wp-json\/wp\/v2\/users\/1"}],"replies":[{"embeddable":true,"href":"https:\/\/franck-gravure.fr\/index.php\/wp-json\/wp\/v2\/comments?post=3832"}],"version-history":[{"count":175,"href":"https:\/\/franck-gravure.fr\/index.php\/wp-json\/wp\/v2\/pages\/3832\/revisions"}],"predecessor-version":[{"id":4735,"href":"https:\/\/franck-gravure.fr\/index.php\/wp-json\/wp\/v2\/pages\/3832\/revisions\/4735"}],"wp:attachment":[{"href":"https:\/\/franck-gravure.fr\/index.php\/wp-json\/wp\/v2\/media?parent=3832"}],"curies":[{"name":"wp","href":"https:\/\/api.w.org\/{rel}","templated":true}]}}